{"id":107,"date":"2015-06-23T21:12:03","date_gmt":"2015-06-23T19:12:03","guid":{"rendered":"http:\/\/nadinechifari.de\/?page_id=107"},"modified":"2026-01-23T12:53:51","modified_gmt":"2026-01-23T10:53:51","slug":"hochzeitspaare","status":"publish","type":"page","link":"https:\/\/nadinechifari.de\/?page_id=107","title":{"rendered":"Vorbereitung f\u00fcr Hochzeitspaare"},"content":{"rendered":"<p><img loading=\"lazy\" decoding=\"async\" class=\" size-medium wp-image-187 alignleft\" src=\"http:\/\/nadinechifari.de\/wp-content\/uploads\/hochzeit-300x200.jpg\" alt=\"Tanztraining Hochzeitspaare - Nadine Chifari\" width=\"300\" height=\"200\" srcset=\"https:\/\/nadinechifari.de\/wp-content\/uploads\/hochzeit-300x200.jpg 300w, https:\/\/nadinechifari.de\/wp-content\/uploads\/hochzeit.jpg 350w\" sizes=\"auto, (max-width: 300px) 100vw, 300px\" \/>Der gro\u00dfe Tag naht und daf\u00fcr soll alles perfekt sein. Zu den meisten Hochzeitsfeierlichkeiten geh\u00f6rt auch der Er\u00f6ffnungstanz des Brautpaares. Viele Hochzeitspaare haben hier unterschiedliche oder gar keine Vorkenntnisse und m\u00fcssen sich diese neben den anderen Hochzeitsvorbereitungen &#8222;noch schnell aneignen&#8220;. Oft kommt es vor, dass einer der Partner bereits Vorkenntnisse in Sachen Tanzen hat aber nun beide diesen Tanz &#8222;bestreiten&#8220; m\u00fcssen. Individuelle Hilfe bezogen auf Ihren Leistungsstand ist dabei die beste Vorbereitung.<\/p>\n<p>F\u00fcr den gro\u00dfen Tag studiere ich gerne mit Ihnen zu Ihrem Lieblingsst\u00fcck einen entsprechenden Tanz ein und bin im Zweifel auch bei der Wahl der Musik behilflich. So ist Ihr Er\u00f6ffnungstanz ganz auf Sie und Ihre Lieblingsmusik abgestimmt. Die perfekte Er\u00f6ffnung des Parketts kann durch das Hochzeitspaar beginnen.<\/p>\n<p>Einmal in Fahrt merken viele Paare auch, dass der Abend meist l\u00e4nger ist, als nur ein Er\u00f6ffnungstanz und bitten darum, noch schnell die Grundz\u00fcge des Disco-Fox vermittelt zu bekommen. Trittsicher auf dem Parkett kann so der gro\u00dfe Tag kommen. Auch von anderen G\u00e4sten aufgefordert zu werden, ist dann gar nicht mehr so schlimm.<\/p>\n<p>Vereinbaren Sie einen Termin mit mir oder besprechen Sie mit mir die gew\u00fcnschte Vorgehensweise. Gerne komme ich auch zu Ihnen.<\/p>\n<p style=\"text-align: center;\"><div class=\"clear\"><\/div><a href=\"http:\/\/nadinechifari.de\/?page_id=92\"  title=\"Termin vereinbaren\" class=\"simple-btn-medium btn-align-left\" style=\"background-color:#ff6a8a; color:#ffffff\">Termin vereinbaren<\/a><div class=\"clear\"><\/div><\/p>\n","protected":false},"excerpt":{"rendered":"<p>Der gro\u00dfe Tag naht und daf\u00fcr soll alles perfekt sein. Zu den meisten Hochzeitsfeierlichkeiten geh\u00f6rt auch der Er\u00f6ffnungstanz des Brautpaares. Viele Hochzeitspaare haben hier unterschiedliche oder gar keine Vorkenntnisse und m\u00fcssen sich diese neben den anderen Hochzeitsvorbereitungen &#8222;noch schnell aneignen&#8220;. Oft kommt es vor, dass einer der Partner bereits Vorkenntnisse in Sachen Tanzen hat aber&#8230; <\/p>\n","protected":false},"author":1,"featured_media":0,"parent":0,"menu_order":0,"comment_status":"closed","ping_status":"closed","template":"full-width.php","meta":{"footnotes":""},"class_list":["post-107","page","type-page","status-publish","hentry"],"_links":{"self":[{"href":"https:\/\/nadinechifari.de\/index.php?rest_route=\/wp\/v2\/pages\/107","targetHints":{"allow":["GET"]}}],"collection":[{"href":"https:\/\/nadinechifari.de\/index.php?rest_route=\/wp\/v2\/pages"}],"about":[{"href":"https:\/\/nadinechifari.de\/index.php?rest_route=\/wp\/v2\/types\/page"}],"author":[{"embeddable":true,"href":"https:\/\/nadinechifari.de\/index.php?rest_route=\/wp\/v2\/users\/1"}],"replies":[{"embeddable":true,"href":"https:\/\/nadinechifari.de\/index.php?rest_route=%2Fwp%2Fv2%2Fcomments&post=107"}],"version-history":[{"count":29,"href":"https:\/\/nadinechifari.de\/index.php?rest_route=\/wp\/v2\/pages\/107\/revisions"}],"predecessor-version":[{"id":246,"href":"https:\/\/nadinechifari.de\/index.php?rest_route=\/wp\/v2\/pages\/107\/revisions\/246"}],"wp:attachment":[{"href":"https:\/\/nadinechifari.de\/index.php?rest_route=%2Fwp%2Fv2%2Fmedia&parent=107"}],"curies":[{"name":"wp","href":"https:\/\/api.w.org\/{rel}","templated":true}]}}