{"id":109,"date":"2015-06-23T21:21:18","date_gmt":"2015-06-23T19:21:18","guid":{"rendered":"http:\/\/nadinechifari.de\/?page_id=109"},"modified":"2026-01-23T12:53:51","modified_gmt":"2026-01-23T10:53:51","slug":"einzelpaare-latein","status":"publish","type":"page","link":"https:\/\/nadinechifari.de\/?page_id=109","title":{"rendered":"Einzelpaare Latein"},"content":{"rendered":"<p><img loading=\"lazy\" decoding=\"async\" class=\" size-medium wp-image-184 alignleft\" src=\"https:\/\/nadinechifari.de\/wp-content\/uploads\/NadineEinzelpaar-225x300.jpg\" alt=\"Latein Einzelpaare - Nadine Chifari\" width=\"225\" height=\"300\" \/>Sie haben bereits einen festen Partner, mit dem Sie trainieren oder wollen gerade erst mit dem Turniertanz beginnen? Ihr bisheriges Training bringt aber nicht den gew\u00fcnschten Fortschritt? Sie haben bereits eine Choreographie, k\u00f6nnen diese aber auf dem Parkett noch nicht richtig performen? Ihnen fehlt es, eine Geschichte mit dem Tanz zu erz\u00e4hlen oder diese mit Ausdruck und Emotionen r\u00fcber zu bringen?<\/p>\n<p>Dann sind Sie bei mir genau richtig!<\/p>\n<p>Ich helfe Ihnen gern. Alle vorgenannten Aspekte habe ich bereits w\u00e4hrend meiner eigenen aktiven Zeit als T\u00e4nzerin durchlaufen und weiss, manchmal muss man einfach den Blickwinkel \u00e4ndern oder eine zweite Meinung einholen.<\/p>\n<p>Auf Turnieren kommt es neben Choreographie und Technik auch auf die &#8222;Visibilit\u00e4t&#8220; des Turnierpaares an. Hier gilt es neben den anderen Turnierpaaren auch von den Wertungsrichtern wahrgenommen zu werden. \u00dcberlassen Sie dabei nichts dem Zufall, sondern erh\u00f6hen Sie ihre Sichtbarkeit auf der Fl\u00e4che. Ich helfe Ihnen dabei sehr gerne und gebe jedem Paar dazu individuelle Tipps.<\/p>\n<p>Probieren Sie etwas Neues. Vereinbaren Sie eine Trainingsstunde bei mir.<\/p>\n<p style=\"text-align: center;\"><div class=\"clear\"><\/div><a href=\"https:\/\/nadinechifari.de\/?page_id=92\"  title=\"Termin vereinbaren\" class=\"simple-btn-medium btn-align-left\" style=\"background-color:#ff6a8a; color:#ffffff\">Termin vereinbaren<\/a><div class=\"clear\"><\/div><\/p>\n<p>&nbsp;<\/p>\n","protected":false},"excerpt":{"rendered":"<p>Sie haben bereits einen festen Partner, mit dem Sie trainieren oder wollen gerade erst mit dem Turniertanz beginnen? Ihr bisheriges Training bringt aber nicht den gew\u00fcnschten Fortschritt? Sie haben bereits eine Choreographie, k\u00f6nnen diese aber auf dem Parkett noch nicht richtig performen? Ihnen fehlt es, eine Geschichte mit dem Tanz zu erz\u00e4hlen oder diese mit&#8230; <\/p>\n","protected":false},"author":1,"featured_media":0,"parent":0,"menu_order":0,"comment_status":"closed","ping_status":"closed","template":"full-width.php","meta":{"footnotes":""},"class_list":["post-109","page","type-page","status-publish","hentry"],"_links":{"self":[{"href":"https:\/\/nadinechifari.de\/index.php?rest_route=\/wp\/v2\/pages\/109","targetHints":{"allow":["GET"]}}],"collection":[{"href":"https:\/\/nadinechifari.de\/index.php?rest_route=\/wp\/v2\/pages"}],"about":[{"href":"https:\/\/nadinechifari.de\/index.php?rest_route=\/wp\/v2\/types\/page"}],"author":[{"embeddable":true,"href":"https:\/\/nadinechifari.de\/index.php?rest_route=\/wp\/v2\/users\/1"}],"replies":[{"embeddable":true,"href":"https:\/\/nadinechifari.de\/index.php?rest_route=%2Fwp%2Fv2%2Fcomments&post=109"}],"version-history":[{"count":17,"href":"https:\/\/nadinechifari.de\/index.php?rest_route=\/wp\/v2\/pages\/109\/revisions"}],"predecessor-version":[{"id":398,"href":"https:\/\/nadinechifari.de\/index.php?rest_route=\/wp\/v2\/pages\/109\/revisions\/398"}],"wp:attachment":[{"href":"https:\/\/nadinechifari.de\/index.php?rest_route=%2Fwp%2Fv2%2Fmedia&parent=109"}],"curies":[{"name":"wp","href":"https:\/\/api.w.org\/{rel}","templated":true}]}}