{"id":111,"date":"2015-06-23T21:21:55","date_gmt":"2015-06-23T19:21:55","guid":{"rendered":"http:\/\/nadinechifari.de\/?page_id=111"},"modified":"2026-01-23T12:53:51","modified_gmt":"2026-01-23T10:53:51","slug":"lateinformationen","status":"publish","type":"page","link":"https:\/\/nadinechifari.de\/?page_id=111","title":{"rendered":"Lateinformationen"},"content":{"rendered":"<p><img loading=\"lazy\" decoding=\"async\" class=\" size-medium wp-image-190 alignleft\" src=\"https:\/\/nadinechifari.de\/wp-content\/uploads\/Formation-300x199.jpg\" alt=\"Formationstanz - Nadine Chifari\" width=\"300\" height=\"199\" srcset=\"https:\/\/nadinechifari.de\/wp-content\/uploads\/Formation-300x199.jpg 300w, https:\/\/nadinechifari.de\/wp-content\/uploads\/Formation.jpg 420w\" sizes=\"auto, (max-width: 300px) 100vw, 300px\" \/>Choreographie, t\u00e4nzerisches K\u00f6nnen und absoluter Teamgeist sind die Grundlage des Erfolges einer jeden Formation. Emotionen und Ausdruck werden transportiert durch die Pr\u00e4senz der T\u00e4nzer auf der Fl\u00e4che. Dazu bedarf es mehr, als nur eines abgestimmten Vorgehens. Absolute Synchronit\u00e4t, gelebte Perfektion wie auch das Ausdr\u00fccken von Emotionen zur Musik m\u00fcssen erlernt und immer wieder durch den Trainer eingefordert werden. Dabei gilt es auch in schweren Momenten den Teamgeist aufrecht zu erhalten und die Leistungsunterschiede der einzelnen Paare technisch wie mental zu kompensieren.<\/p>\n<p>Seit mehr als 15 Jahren konnte ich durch eigenen Formationstanz wie auch das Training meiner Teams Erfahrung in diesen Bereichen sammeln. Jedes Detail ist dabei ein wichtiger Baustein zum Erfolg. Bei Bedarf helfe ich auch gerne dabei die passende Schminke zum Thema der Choreographie mit zu gestalten und geben Tipps zur Umsetzung. Lassen Sie mich auch Ihr Team aufbauen und zu einem gemeinsamen Erfolg f\u00fchren.<br \/>\n<div class=\"clear\"><\/div><a href=\"https:\/\/nadinechifari.de\/?page_id=92\"  title=\"Termin vereinbaren\" class=\"simple-btn-medium btn-align-left\" style=\"background-color:#ff6a8a; color:#ffffff\">Termin vereinbaren<\/a><div class=\"clear\"><\/div><\/p>\n","protected":false},"excerpt":{"rendered":"<p>Choreographie, t\u00e4nzerisches K\u00f6nnen und absoluter Teamgeist sind die Grundlage des Erfolges einer jeden Formation. Emotionen und Ausdruck werden transportiert durch die Pr\u00e4senz der T\u00e4nzer auf der Fl\u00e4che. Dazu bedarf es mehr, als nur eines abgestimmten Vorgehens. Absolute Synchronit\u00e4t, gelebte Perfektion wie auch das Ausdr\u00fccken von Emotionen zur Musik m\u00fcssen erlernt und immer wieder durch den&#8230; <\/p>\n","protected":false},"author":1,"featured_media":0,"parent":0,"menu_order":0,"comment_status":"closed","ping_status":"closed","template":"full-width.php","meta":{"footnotes":""},"class_list":["post-111","page","type-page","status-publish","hentry"],"_links":{"self":[{"href":"https:\/\/nadinechifari.de\/index.php?rest_route=\/wp\/v2\/pages\/111","targetHints":{"allow":["GET"]}}],"collection":[{"href":"https:\/\/nadinechifari.de\/index.php?rest_route=\/wp\/v2\/pages"}],"about":[{"href":"https:\/\/nadinechifari.de\/index.php?rest_route=\/wp\/v2\/types\/page"}],"author":[{"embeddable":true,"href":"https:\/\/nadinechifari.de\/index.php?rest_route=\/wp\/v2\/users\/1"}],"replies":[{"embeddable":true,"href":"https:\/\/nadinechifari.de\/index.php?rest_route=%2Fwp%2Fv2%2Fcomments&post=111"}],"version-history":[{"count":21,"href":"https:\/\/nadinechifari.de\/index.php?rest_route=\/wp\/v2\/pages\/111\/revisions"}],"predecessor-version":[{"id":399,"href":"https:\/\/nadinechifari.de\/index.php?rest_route=\/wp\/v2\/pages\/111\/revisions\/399"}],"wp:attachment":[{"href":"https:\/\/nadinechifari.de\/index.php?rest_route=%2Fwp%2Fv2%2Fmedia&parent=111"}],"curies":[{"name":"wp","href":"https:\/\/api.w.org\/{rel}","templated":true}]}}