{"id":68,"date":"2015-06-16T10:48:16","date_gmt":"2015-06-16T08:48:16","guid":{"rendered":"http:\/\/nadinechifari.de\/?page_id=68"},"modified":"2026-01-23T12:53:51","modified_gmt":"2026-01-23T10:53:51","slug":"impressum","status":"publish","type":"page","link":"https:\/\/nadinechifari.de\/?page_id=68","title":{"rendered":"Impressum"},"content":{"rendered":"<h3>Angaben gem. \u00a7\u00a7 5, 6 Telemediengesetz (TMG)<\/h3>\n<p><span style=\"color: #000000;\"><strong>Kontakt \/ ladungsf\u00e4hige Anschrift:<\/strong><\/span><br \/>\nNadine Chifari<br \/>\nArembergstr. 24<br \/>\n41468 Neuss<\/p>\n<p>Tel: +49 172 3610167<\/p>\n<p>Mail: info@nadinechifari.de<\/p>\n<p>Kleingewerbetreibende, keine Mehrwertsteuer getrennt ausweisbar, kein Vorsteuerabzug (\u00a7\u00a7 19, 14 UStG), keine Umsatzsteuer-ID iSv \u00a7 27 UStG.<\/p>\n<hr \/>\n<p><span style=\"color: #000000;\"><strong>Inhaltlich verantwortlich f\u00fcr den Inhalt der Homepage (\u00a7 55 Abs. 2 RStV):<\/strong><\/span><br \/>\nNadine Chifari, Anschrift wie oben<br \/>\nBildrechte: Nadine Chifari, Katrin von Buttlar, Dirk Hahn<\/p>\n<hr \/>\n<h3>Keine Abmahnung ohne vorherigen Kontakt<\/h3>\n<p>Sollten Inhalte oder die designtechnischen Gestaltungen einzelner Seiten oder Teile dieser Website fremde Rechte Dritter oder gesetzlichen Bestimmungen verletzten oder anderweitig wettbewerbsrechtliche Fragen aufwerfen, so bitten wir unter Berufung auf \u00a7 8 Abs. 4 UWG, um eine angemessene, ausreichend erl\u00e4uternde und schnelle Nachricht ohne Kostennote. Wir garantieren, dass die zu Recht beanstandeten Passagen oder Teile dieser Webseite in angemessener Frist entfernt bzw. den rechtlichen Vorgaben umf\u00e4nglich angepasst werden, ohne dass von Ihrer Seite die Einschaltung eines Rechtsbeistandes erforderlich ist. Ohne vorherige Kontaktaufnahme ausgel\u00f6ste Kosten werden wir vollumf\u00e4nglich zur\u00fcckweisen und gegebenenfalls Gegenklage wegen Verletzung vorgenannter Bestimmungen einreichen.<\/p>\n<hr \/>\n<h3>Haftungsausschluss<\/h3>\n<p>Die Informationen auf dieser Website verstehen sich als &#8222;Aussagen an sich&#8220; ohne implizite Garantien jedweder Art. Die bereitgestellten Informationen auf dieser Website wurden sorgf\u00e4ltig gepr\u00fcft und werden regelm\u00e4\u00dfig aktualisiert. Jedoch kann keine Garantie daf\u00fcr \u00fcbernommen werden, dass alle Angaben zu jeder Zeit vollst\u00e4ndig, richtig und in letzter Aktualit\u00e4t dargestellt sind. Dies gilt insbesondere f\u00fcr alle Verbindungen (&#8222;Links&#8220;) zu anderen Websites, auf die direkt oder indirekt verwiesen wird. Alle Angaben k\u00f6nnen ohne vorherige Ank\u00fcndigung erg\u00e4nzt, entfernt oder ge\u00e4ndert werden.<\/p>\n<p>&nbsp;<\/p>\n<p>&nbsp;<\/p>\n","protected":false},"excerpt":{"rendered":"<p>Angaben gem. \u00a7\u00a7 5, 6 Telemediengesetz (TMG) Kontakt \/ ladungsf\u00e4hige Anschrift: Nadine Chifari Arembergstr. 24 41468 Neuss Tel: +49 172 3610167 Mail: info@nadinechifari.de Kleingewerbetreibende, keine Mehrwertsteuer getrennt ausweisbar, kein Vorsteuerabzug (\u00a7\u00a7 19, 14 UStG), keine Umsatzsteuer-ID iSv \u00a7 27 UStG. Inhaltlich verantwortlich f\u00fcr den Inhalt der Homepage (\u00a7 55 Abs. 2 RStV): Nadine Chifari, Anschrift&#8230; <\/p>\n","protected":false},"author":1,"featured_media":0,"parent":0,"menu_order":9,"comment_status":"closed","ping_status":"closed","template":"full-width.php","meta":{"footnotes":""},"class_list":["post-68","page","type-page","status-publish","hentry"],"_links":{"self":[{"href":"https:\/\/nadinechifari.de\/index.php?rest_route=\/wp\/v2\/pages\/68","targetHints":{"allow":["GET"]}}],"collection":[{"href":"https:\/\/nadinechifari.de\/index.php?rest_route=\/wp\/v2\/pages"}],"about":[{"href":"https:\/\/nadinechifari.de\/index.php?rest_route=\/wp\/v2\/types\/page"}],"author":[{"embeddable":true,"href":"https:\/\/nadinechifari.de\/index.php?rest_route=\/wp\/v2\/users\/1"}],"replies":[{"embeddable":true,"href":"https:\/\/nadinechifari.de\/index.php?rest_route=%2Fwp%2Fv2%2Fcomments&post=68"}],"version-history":[{"count":40,"href":"https:\/\/nadinechifari.de\/index.php?rest_route=\/wp\/v2\/pages\/68\/revisions"}],"predecessor-version":[{"id":412,"href":"https:\/\/nadinechifari.de\/index.php?rest_route=\/wp\/v2\/pages\/68\/revisions\/412"}],"wp:attachment":[{"href":"https:\/\/nadinechifari.de\/index.php?rest_route=%2Fwp%2Fv2%2Fmedia&parent=68"}],"curies":[{"name":"wp","href":"https:\/\/api.w.org\/{rel}","templated":true}]}}